{"id":462,"date":"2025-04-25T15:13:20","date_gmt":"2025-04-25T13:13:20","guid":{"rendered":"https:\/\/www.artthappy.fr\/?page_id=462"},"modified":"2025-05-17T08:49:20","modified_gmt":"2025-05-17T06:49:20","slug":"cours-de-cuisine","status":"publish","type":"page","link":"https:\/\/www.artthappy.fr\/?page_id=462","title":{"rendered":"Cours de cuisine"},"content":{"rendered":"\n<p class=\"wp-block-paragraph\">\ud83c\udf7d\ufe0f <strong>Cours de cuisine intuitive avec ArtThappy<\/strong> \ud83c\udfa8<br><strong>Cuisiner sans recette, en toute libert\u00e9 \u2013 chez toi ou chez moi !<\/strong><\/p>\n\n\n\n<p class=\"wp-block-paragraph\">Tu veux te sentir plus \u00e0 l\u2019aise en cuisine, apprendre les bases, te faire confiance, ou simplement te reconnecter au plaisir de cuisiner ?<\/p>\n\n\n\n<p class=\"wp-block-paragraph\">\ud83d\udca1 Avec ArtThappy, tu choisis le format qui te ressemble :<\/p>\n\n\n\n<p class=\"wp-block-paragraph\">\ud83c\udfe0 <strong>\u00c0 domicile<\/strong> :<br>Je viens chez toi pour un atelier sur-mesure. On cuisine avec les ingr\u00e9dients que tu as d\u00e9j\u00e0, on apprend \u00e0 improviser, \u00e0 utiliser les bons outils et \u00e0 suivre ton intuition.<br>\ud83c\udfaf Objectif : autonomie, cr\u00e9ativit\u00e9 et z\u00e9ro gaspillage !<\/p>\n\n\n\n<p class=\"wp-block-paragraph\">\ud83c\udfe1 <strong>Chez moi<\/strong> :<br>Tu viens dans ma cuisine pour un atelier plus technique. Tu choisis le th\u00e8me ou la recette (p\u00e2tes, sauces, desserts, veggie, etc.) et on apprend ensemble dans une ambiance conviviale.<br>\ud83c\udfaf Objectif : renforcer tes comp\u00e9tences, d\u00e9couvrir de nouvelles astuces, et prendre confiance en toi.<\/p>\n\n\n\n<p class=\"wp-block-paragraph\">\ud83c\udf08 Dans les deux cas, tu gagnes en aisance, en autonomie\u2026 et tu te r\u00e9gales !<\/p>\n\n\n\n<p class=\"wp-block-paragraph\">\ud83d\udcc5 Ateliers pour adultes \u2013 en individuel ou petit groupe<br>\ud83d\udccd Chez toi ou chez moi<\/p>\n\n\n\n<p class=\"wp-block-paragraph\">\ud83d\udcb025\u20ac\/heure<br>\ud83d\udc8c Infos et r\u00e9servations : <a href=\"https:\/\/www.artthappy.fr\/formulaire-de-contact\/\" data-type=\"page\" data-id=\"223\">Formulaire de contact<\/a><\/p>\n","protected":false},"excerpt":{"rendered":"<p>\ud83c\udf7d\ufe0f Cours de cuisine intuitive avec ArtThappy \ud83c\udfa8Cuisiner sans recette, en toute libert\u00e9 \u2013 chez toi ou chez moi ! Tu veux te sentir plus \u00e0 l\u2019aise en cuisine, apprendre les bases, te faire confiance, ou simplement te reconnecter au plaisir de cuisiner ? \ud83d\udca1 Avec ArtThappy, tu choisis le format qui te ressemble : [&hellip;]<\/p>\n","protected":false},"author":1,"featured_media":0,"parent":0,"menu_order":0,"comment_status":"closed","ping_status":"closed","template":"","meta":{"_crdt_document":"","site-sidebar-layout":"default","site-content-layout":"","ast-site-content-layout":"","site-content-style":"default","site-sidebar-style":"default","ast-global-header-display":"","ast-banner-title-visibility":"","ast-main-header-display":"","ast-hfb-above-header-display":"","ast-hfb-below-header-display":"","ast-hfb-mobile-header-display":"","site-post-title":"disabled","ast-breadcrumbs-content":"","ast-featured-img":"","footer-sml-layout":"","theme-transparent-header-meta":"","adv-header-id-meta":"","stick-header-meta":"","header-above-stick-meta":"","header-main-stick-meta":"","header-below-stick-meta":"","astra-migrate-meta-layouts":"default","ast-page-background-enabled":"default","ast-page-background-meta":{"desktop":{"background-color":"var(--ast-global-color-4)","background-image":"","background-repeat":"repeat","background-position":"center center","background-size":"auto","background-attachment":"scroll","background-type":"","background-media":"","overlay-type":"","overlay-color":"","overlay-opacity":"","overlay-gradient":""},"tablet":{"background-color":"","background-image":"","background-repeat":"repeat","background-position":"center center","background-size":"auto","background-attachment":"scroll","background-type":"","background-media":"","overlay-type":"","overlay-color":"","overlay-opacity":"","overlay-gradient":""},"mobile":{"background-color":"","background-image":"","background-repeat":"repeat","background-position":"center center","background-size":"auto","background-attachment":"scroll","background-type":"","background-media":"","overlay-type":"","overlay-color":"","overlay-opacity":"","overlay-gradient":""}},"ast-content-background-meta":{"desktop":{"background-color":"var(--ast-global-color-5)","background-image":"","background-repeat":"repeat","background-position":"center center","background-size":"auto","background-attachment":"scroll","background-type":"","background-media":"","overlay-type":"","overlay-color":"","overlay-opacity":"","overlay-gradient":""},"tablet":{"background-color":"var(--ast-global-color-5)","background-image":"","background-repeat":"repeat","background-position":"center center","background-size":"auto","background-attachment":"scroll","background-type":"","background-media":"","overlay-type":"","overlay-color":"","overlay-opacity":"","overlay-gradient":""},"mobile":{"background-color":"var(--ast-global-color-5)","background-image":"","background-repeat":"repeat","background-position":"center center","background-size":"auto","background-attachment":"scroll","background-type":"","background-media":"","overlay-type":"","overlay-color":"","overlay-opacity":"","overlay-gradient":""}},"footnotes":""},"class_list":["post-462","page","type-page","status-publish","hentry"],"_links":{"self":[{"href":"https:\/\/www.artthappy.fr\/index.php?rest_route=\/wp\/v2\/pages\/462","targetHints":{"allow":["GET"]}}],"collection":[{"href":"https:\/\/www.artthappy.fr\/index.php?rest_route=\/wp\/v2\/pages"}],"about":[{"href":"https:\/\/www.artthappy.fr\/index.php?rest_route=\/wp\/v2\/types\/page"}],"author":[{"embeddable":true,"href":"https:\/\/www.artthappy.fr\/index.php?rest_route=\/wp\/v2\/users\/1"}],"replies":[{"embeddable":true,"href":"https:\/\/www.artthappy.fr\/index.php?rest_route=%2Fwp%2Fv2%2Fcomments&post=462"}],"version-history":[{"count":5,"href":"https:\/\/www.artthappy.fr\/index.php?rest_route=\/wp\/v2\/pages\/462\/revisions"}],"predecessor-version":[{"id":483,"href":"https:\/\/www.artthappy.fr\/index.php?rest_route=\/wp\/v2\/pages\/462\/revisions\/483"}],"wp:attachment":[{"href":"https:\/\/www.artthappy.fr\/index.php?rest_route=%2Fwp%2Fv2%2Fmedia&parent=462"}],"curies":[{"name":"wp","href":"https:\/\/api.w.org\/{rel}","templated":true}]}}