{"id":327,"date":"2025-01-10T17:57:29","date_gmt":"2025-01-10T16:57:29","guid":{"rendered":"https:\/\/www.artthappy.fr\/?page_id=327"},"modified":"2025-01-10T17:57:29","modified_gmt":"2025-01-10T16:57:29","slug":"questionnaire","status":"publish","type":"page","link":"https:\/\/www.artthappy.fr\/?page_id=327","title":{"rendered":"questionnaire"},"content":{"rendered":"<div class=\"wpforms-container wpforms-container-full wpforms-block wpforms-block-e489af7d-0eba-4891-9936-8b23ccc77f84 wpforms-render-modern\" id=\"wpforms-228\"><form id=\"wpforms-form-228\" class=\"wpforms-validate wpforms-form wpforms-ajax-form\" data-formid=\"228\" method=\"post\" enctype=\"multipart\/form-data\" action=\"\/index.php?rest_route=%2Fwp%2Fv2%2Fpages%2F327\" data-token=\"f54e7f2ee91b069f65e521be3ae69d3b\" data-token-time=\"1776302017\"><noscript class=\"wpforms-error-noscript\">Veuillez activer JavaScript dans votre navigateur pour remplir ce formulaire.<\/noscript><div id=\"wpforms-error-noscript\" style=\"display: none;\">Veuillez activer JavaScript dans votre navigateur pour remplir ce formulaire.<\/div><div class=\"wpforms-field-container\"><div id=\"wpforms-228-field_1-container\" class=\"wpforms-field wpforms-field-name\" data-field-id=\"1\"><fieldset><legend class=\"wpforms-field-label\">Name <span class=\"wpforms-required-label\" aria-hidden=\"true\">*<\/span><\/legend><div class=\"wpforms-field-row wpforms-field-medium\"><div class=\"wpforms-field-row-block wpforms-first wpforms-one-half\"><input type=\"text\" id=\"wpforms-228-field_1\" class=\"wpforms-field-name-first wpforms-field-required\" name=\"wpforms[fields][1][first]\" aria-errormessage=\"wpforms-228-field_1-error\" required><label for=\"wpforms-228-field_1\" class=\"wpforms-field-sublabel after\">Pr\u00e9nom<\/label><\/div><div class=\"wpforms-field-row-block wpforms-one-half\"><input type=\"text\" id=\"wpforms-228-field_1-last\" class=\"wpforms-field-name-last wpforms-field-required\" name=\"wpforms[fields][1][last]\" aria-errormessage=\"wpforms-228-field_1-last-error\" required><label for=\"wpforms-228-field_1-last\" class=\"wpforms-field-sublabel after\">Nom<\/label><\/div><\/div><\/fieldset><\/div>\t\t<div id=\"wpforms-228-field_3-container\"\n\t\t\tclass=\"wpforms-field wpforms-field-text\"\n\t\t\tdata-field-type=\"text\"\n\t\t\tdata-field-id=\"3\"\n\t\t\t>\n\t\t\t<label class=\"wpforms-field-label\" for=\"wpforms-228-field_3\" >les  Autre<\/label>\n\t\t\t<input type=\"text\" id=\"wpforms-228-field_3\" class=\"wpforms-field-medium\" name=\"wpforms[fields][3]\" >\n\t\t<\/div>\n\t\t<div id=\"wpforms-228-field_2-container\" class=\"wpforms-field wpforms-field-email\" data-field-id=\"2\"><label class=\"wpforms-field-label\" for=\"wpforms-228-field_2\">Email <span class=\"wpforms-required-label\" aria-hidden=\"true\">*<\/span><\/label><input type=\"email\" id=\"wpforms-228-field_2\" class=\"wpforms-field-medium wpforms-field-required\" name=\"wpforms[fields][2]\" spellcheck=\"false\" aria-errormessage=\"wpforms-228-field_2-error\" required><\/div><div id=\"wpforms-228-field_4-container\" class=\"wpforms-field wpforms-field-radio\" data-field-id=\"4\"><fieldset><legend class=\"wpforms-field-label\">Est-ce-que vous auriez envie de refaire un atelier ? <span class=\"wpforms-required-label\" aria-hidden=\"true\">*<\/span><\/legend><ul id=\"wpforms-228-field_4\" class=\"wpforms-field-required\"><li class=\"choice-1 depth-1\"><input type=\"radio\" id=\"wpforms-228-field_4_1\" name=\"wpforms[fields][4]\" value=\"oui\" aria-errormessage=\"wpforms-228-field_4_1-error\" required ><label class=\"wpforms-field-label-inline\" for=\"wpforms-228-field_4_1\">oui<\/label><\/li><li class=\"choice-2 depth-1\"><input type=\"radio\" id=\"wpforms-228-field_4_2\" name=\"wpforms[fields][4]\" value=\"non\" aria-errormessage=\"wpforms-228-field_4_2-error\" required ><label class=\"wpforms-field-label-inline\" for=\"wpforms-228-field_4_2\">non<\/label><\/li><li class=\"choice-3 depth-1\"><input type=\"radio\" id=\"wpforms-228-field_4_3\" name=\"wpforms[fields][4]\" value=\"je ne sais pas\" aria-errormessage=\"wpforms-228-field_4_3-error\" required ><label class=\"wpforms-field-label-inline\" for=\"wpforms-228-field_4_3\">je ne sais pas<\/label><\/li><\/ul><\/fieldset><\/div><div id=\"wpforms-228-field_5-container\" class=\"wpforms-field wpforms-field-checkbox wpforms-list-2-columns\" data-field-id=\"5\"><fieldset><legend class=\"wpforms-field-label\">Est ce qu\u2019il y aurait des th\u00e8mes que vous souhaiteriez aborder ? <span class=\"wpforms-required-label\" aria-hidden=\"true\">*<\/span><\/legend><ul id=\"wpforms-228-field_5\" class=\"wpforms-field-required\" data-choice-limit=\"3\"><li class=\"choice-1 depth-1\"><input type=\"checkbox\" id=\"wpforms-228-field_5_1\" data-rule-check-limit=\"true\" name=\"wpforms[fields][5][]\" value=\"parents\/enfants\" aria-errormessage=\"wpforms-228-field_5_1-error\" required ><label class=\"wpforms-field-label-inline\" for=\"wpforms-228-field_5_1\">parents\/enfants<\/label><\/li><li class=\"choice-2 depth-1\"><input type=\"checkbox\" id=\"wpforms-228-field_5_2\" data-rule-check-limit=\"true\" name=\"wpforms[fields][5][]\" value=\"couple\" aria-errormessage=\"wpforms-228-field_5_2-error\" required ><label class=\"wpforms-field-label-inline\" for=\"wpforms-228-field_5_2\">couple<\/label><\/li><li class=\"choice-3 depth-1\"><input type=\"checkbox\" id=\"wpforms-228-field_5_3\" data-rule-check-limit=\"true\" name=\"wpforms[fields][5][]\" value=\"image corporelle\" aria-errormessage=\"wpforms-228-field_5_3-error\" required ><label class=\"wpforms-field-label-inline\" for=\"wpforms-228-field_5_3\">image corporelle<\/label><\/li><li class=\"choice-11 depth-1\"><input type=\"checkbox\" id=\"wpforms-228-field_5_11\" data-rule-check-limit=\"true\" name=\"wpforms[fields][5][]\" value=\"confiance en soi\" aria-errormessage=\"wpforms-228-field_5_11-error\" required ><label class=\"wpforms-field-label-inline\" for=\"wpforms-228-field_5_11\">confiance en soi<\/label><\/li><li class=\"choice-10 depth-1\"><input type=\"checkbox\" id=\"wpforms-228-field_5_10\" data-rule-check-limit=\"true\" name=\"wpforms[fields][5][]\" value=\"kilo \u00e9motionnel\" aria-errormessage=\"wpforms-228-field_5_10-error\" required ><label class=\"wpforms-field-label-inline\" for=\"wpforms-228-field_5_10\">kilo \u00e9motionnel<\/label><\/li><li class=\"choice-12 depth-1\"><input type=\"checkbox\" id=\"wpforms-228-field_5_12\" data-rule-check-limit=\"true\" name=\"wpforms[fields][5][]\" value=\"stress\" aria-errormessage=\"wpforms-228-field_5_12-error\" required ><label class=\"wpforms-field-label-inline\" for=\"wpforms-228-field_5_12\">stress<\/label><\/li><li class=\"choice-13 depth-1\"><input type=\"checkbox\" id=\"wpforms-228-field_5_13\" data-rule-check-limit=\"true\" name=\"wpforms[fields][5][]\" value=\"autre\" aria-errormessage=\"wpforms-228-field_5_13-error\" required ><label class=\"wpforms-field-label-inline\" for=\"wpforms-228-field_5_13\">autre<\/label><\/li><\/ul><\/fieldset><\/div><div id=\"wpforms-228-field_6-container\" class=\"wpforms-field wpforms-field-textarea\" data-field-id=\"6\"><label class=\"wpforms-field-label\" for=\"wpforms-228-field_6\">Autre ? mettre une proposition<\/label><textarea id=\"wpforms-228-field_6\" class=\"wpforms-field-medium\" name=\"wpforms[fields][6]\" aria-errormessage=\"wpforms-228-field_6-error\" ><\/textarea><\/div><div id=\"wpforms-228-field_10-container\" class=\"wpforms-field wpforms-field-radio\" data-field-id=\"10\"><fieldset><legend class=\"wpforms-field-label\">Auriez-vous envie d\u2019en savoir plus sur les parcours d\u2019ateliers ?<\/legend><ul id=\"wpforms-228-field_10\"><li class=\"choice-1 depth-1\"><input type=\"radio\" id=\"wpforms-228-field_10_1\" name=\"wpforms[fields][10]\" value=\"oui\" aria-errormessage=\"wpforms-228-field_10_1-error\"  ><label class=\"wpforms-field-label-inline\" for=\"wpforms-228-field_10_1\">oui<\/label><\/li><li class=\"choice-2 depth-1\"><input type=\"radio\" id=\"wpforms-228-field_10_2\" name=\"wpforms[fields][10]\" value=\"non\" aria-errormessage=\"wpforms-228-field_10_2-error\"  ><label class=\"wpforms-field-label-inline\" for=\"wpforms-228-field_10_2\">non<\/label><\/li><li class=\"choice-3 depth-1\"><input type=\"radio\" id=\"wpforms-228-field_10_3\" name=\"wpforms[fields][10]\" value=\"je ne sais pas\" aria-errormessage=\"wpforms-228-field_10_3-error\"  ><label class=\"wpforms-field-label-inline\" for=\"wpforms-228-field_10_3\">je ne sais pas<\/label><\/li><\/ul><\/fieldset><\/div><div id=\"wpforms-228-field_16-container\" class=\"wpforms-field wpforms-field-text\" data-field-id=\"16\"><label class=\"wpforms-field-label\" for=\"wpforms-228-field_16\">Sur une \u00e9chelle de 1 \u00e0 5, dans quelle mesure diriez-vous que vous \u00eates satisfait(e) sur les points suivants :<\/label><input type=\"text\" id=\"wpforms-228-field_16\" class=\"wpforms-field-medium\" name=\"wpforms[fields][16]\" aria-errormessage=\"wpforms-228-field_16-error\" ><\/div><div id=\"wpforms-228-field_15-container\" class=\"wpforms-field wpforms-field-number-slider\" data-field-id=\"15\"><label class=\"wpforms-field-label\" for=\"wpforms-228-field_15\">&#8211; L\u2019atelier de Cuisine Th\u00e9rapie\u00a9 dans sa globalit\u00e9 ?<\/label>\n<input\n\ttype=\"range\"\n\tid=\"wpforms-228-field_15\" class=\"wpforms-field-medium\" name=\"wpforms[fields][15]\" value=\"3\" aria-errormessage=\"wpforms-228-field_15-error\"\t\tmin=\"1\"\n\tmax=\"5\"\n\tstep=\"1\">\n\n<div class=\"wpforms-field-number-slider-hint\"\n\tdata-hint=\"Valeur s\u00e9lectionn\u00e9e\u00a0: {value}\">\n\tValeur s\u00e9lectionn\u00e9e\u00a0: <b>3<\/b><\/div>\n<\/div><div id=\"wpforms-228-field_17-container\" class=\"wpforms-field wpforms-field-number-slider\" data-field-id=\"17\"><label class=\"wpforms-field-label\" for=\"wpforms-228-field_17\">La dur\u00e9e de l\u2019atelier ?<\/label>\n<input\n\ttype=\"range\"\n\tid=\"wpforms-228-field_17\" class=\"wpforms-field-medium\" name=\"wpforms[fields][17]\" value=\"3\" aria-errormessage=\"wpforms-228-field_17-error\"\t\tmin=\"1\"\n\tmax=\"5\"\n\tstep=\"1\">\n\n<div class=\"wpforms-field-number-slider-hint\"\n\tdata-hint=\"Valeur s\u00e9lectionn\u00e9e\u00a0: {value}\">\n\tValeur s\u00e9lectionn\u00e9e\u00a0: <b>3<\/b><\/div>\n<\/div><div id=\"wpforms-228-field_18-container\" class=\"wpforms-field wpforms-field-number-slider\" data-field-id=\"18\"><label class=\"wpforms-field-label\" for=\"wpforms-228-field_18\">L\u2019accueil et les \u00e9changes avec le Praticien ?<\/label>\n<input\n\ttype=\"range\"\n\tid=\"wpforms-228-field_18\" class=\"wpforms-field-medium\" name=\"wpforms[fields][18]\" value=\"3\" aria-errormessage=\"wpforms-228-field_18-error\"\t\tmin=\"1\"\n\tmax=\"5\"\n\tstep=\"1\">\n\n<div class=\"wpforms-field-number-slider-hint\"\n\tdata-hint=\"Valeur s\u00e9lectionn\u00e9e\u00a0: {value}\">\n\tValeur s\u00e9lectionn\u00e9e\u00a0: <b>3<\/b><\/div>\n<\/div><div id=\"wpforms-228-field_19-container\" class=\"wpforms-field wpforms-field-number-slider\" data-field-id=\"19\"><label class=\"wpforms-field-label\" for=\"wpforms-228-field_19\">Les \u00e9changes avec les autres participants ?<\/label>\n<input\n\ttype=\"range\"\n\tid=\"wpforms-228-field_19\" class=\"wpforms-field-medium\" name=\"wpforms[fields][19]\" value=\"3\" aria-errormessage=\"wpforms-228-field_19-error\"\t\tmin=\"1\"\n\tmax=\"5\"\n\tstep=\"1\">\n\n<div class=\"wpforms-field-number-slider-hint\"\n\tdata-hint=\"Valeur s\u00e9lectionn\u00e9e\u00a0: {value}\">\n\tValeur s\u00e9lectionn\u00e9e\u00a0: <b>3<\/b><\/div>\n<\/div><div id=\"wpforms-228-field_20-container\" class=\"wpforms-field wpforms-field-number-slider\" data-field-id=\"20\"><label class=\"wpforms-field-label\" for=\"wpforms-228-field_20\">Le fait d\u2019apprendre des choses sur vous gr\u00e2ce \u00e0 l\u2019atelier ? <\/label>\n<input\n\ttype=\"range\"\n\tid=\"wpforms-228-field_20\" class=\"wpforms-field-medium\" name=\"wpforms[fields][20]\" value=\"3\" aria-errormessage=\"wpforms-228-field_20-error\"\t\tmin=\"1\"\n\tmax=\"5\"\n\tstep=\"1\">\n\n<div class=\"wpforms-field-number-slider-hint\"\n\tdata-hint=\"Valeur s\u00e9lectionn\u00e9e\u00a0: {value}\">\n\tValeur s\u00e9lectionn\u00e9e\u00a0: <b>3<\/b><\/div>\n<\/div><div id=\"wpforms-228-field_21-container\" class=\"wpforms-field wpforms-field-text\" data-field-id=\"21\"><label class=\"wpforms-field-label\" for=\"wpforms-228-field_21\">Auriez vous des suggestions d\u2019am\u00e9lioration ? <\/label><input type=\"text\" id=\"wpforms-228-field_21\" class=\"wpforms-field-medium\" name=\"wpforms[fields][21]\" aria-errormessage=\"wpforms-228-field_21-error\" ><\/div><div id=\"wpforms-228-field_22-container\" class=\"wpforms-field wpforms-field-text\" data-field-id=\"22\"><label class=\"wpforms-field-label\" for=\"wpforms-228-field_22\">Qu\u2019est-ce que je devrais absolument garder \/ changer \/ ajuster dans cet atelier ?<\/label><input type=\"text\" id=\"wpforms-228-field_22\" class=\"wpforms-field-medium\" name=\"wpforms[fields][22]\" aria-errormessage=\"wpforms-228-field_22-error\" ><\/div><div id=\"wpforms-228-field_23-container\" class=\"wpforms-field wpforms-field-text\" data-field-id=\"23\"><label class=\"wpforms-field-label\" for=\"wpforms-228-field_23\">Pourriez-vous me laisser un t\u00e9moignage sur mon site ?<\/label><input type=\"text\" id=\"wpforms-228-field_23\" class=\"wpforms-field-medium\" name=\"wpforms[fields][23]\" aria-errormessage=\"wpforms-228-field_23-error\" aria-describedby=\"wpforms-228-field_23-description\" ><div id=\"wpforms-228-field_23-description\" class=\"wpforms-field-description\">https:\/\/www.artthappy.fr\/laissez-moi-un-avis\/<\/div><\/div><script>\n\t\t\t\t( function() {\n\t\t\t\t\tconst style = document.createElement( 'style' );\n\t\t\t\t\tstyle.appendChild( document.createTextNode( '#wpforms-228-field_3-container { position: absolute !important; overflow: hidden !important; display: inline !important; height: 1px !important; width: 1px !important; z-index: -1000 !important; padding: 0 !important; } #wpforms-228-field_3-container input { visibility: hidden; } #wpforms-conversational-form-page #wpforms-228-field_3-container label { counter-increment: none; }' ) );\n\t\t\t\t\tdocument.head.appendChild( style );\n\t\t\t\t\tdocument.currentScript?.remove();\n\t\t\t\t} )();\n\t\t\t<\/script><\/div><!-- .wpforms-field-container --><div class=\"wpforms-submit-container\" ><input type=\"hidden\" name=\"wpforms[id]\" value=\"228\"><input type=\"hidden\" name=\"page_title\" value=\"\"><input type=\"hidden\" name=\"page_url\" value=\"https:\/\/www.artthappy.fr\/index.php?rest_route=\/wp\/v2\/pages\/327\"><input type=\"hidden\" name=\"url_referer\" value=\"\"><button type=\"submit\" name=\"wpforms[submit]\" id=\"wpforms-submit-228\" class=\"wpforms-submit\" data-alt-text=\"En cours d&#039;envoi\" data-submit-text=\"Envoyer\" aria-live=\"assertive\" value=\"wpforms-submit\">Envoyer<\/button><img loading=\"lazy\" decoding=\"async\" src=\"https:\/\/www.artthappy.fr\/wp-content\/plugins\/wpforms-lite\/assets\/images\/submit-spin.svg\" class=\"wpforms-submit-spinner\" style=\"display: none;\" width=\"26\" height=\"26\" alt=\"Chargement en cours\"><\/div><\/form><\/div>  <!-- .wpforms-container -->","protected":false},"excerpt":{"rendered":"","protected":false},"author":1,"featured_media":0,"parent":0,"menu_order":0,"comment_status":"closed","ping_status":"closed","template":"","meta":{"_crdt_document":"","site-sidebar-layout":"default","site-content-layout":"","ast-site-content-layout":"","site-content-style":"default","site-sidebar-style":"default","ast-global-header-display":"","ast-banner-title-visibility":"","ast-main-header-display":"","ast-hfb-above-header-display":"","ast-hfb-below-header-display":"","ast-hfb-mobile-header-display":"","site-post-title":"","ast-breadcrumbs-content":"","ast-featured-img":"","footer-sml-layout":"","theme-transparent-header-meta":"","adv-header-id-meta":"","stick-header-meta":"","header-above-stick-meta":"","header-main-stick-meta":"","header-below-stick-meta":"","astra-migrate-meta-layouts":"default","ast-page-background-enabled":"default","ast-page-background-meta":{"desktop":{"background-color":"var(--ast-global-color-4)","background-image":"","background-repeat":"repeat","background-position":"center center","background-size":"auto","background-attachment":"scroll","background-type":"","background-media":"","overlay-type":"","overlay-color":"","overlay-opacity":"","overlay-gradient":""},"tablet":{"background-color":"","background-image":"","background-repeat":"repeat","background-position":"center center","background-size":"auto","background-attachment":"scroll","background-type":"","background-media":"","overlay-type":"","overlay-color":"","overlay-opacity":"","overlay-gradient":""},"mobile":{"background-color":"","background-image":"","background-repeat":"repeat","background-position":"center center","background-size":"auto","background-attachment":"scroll","background-type":"","background-media":"","overlay-type":"","overlay-color":"","overlay-opacity":"","overlay-gradient":""}},"ast-content-background-meta":{"desktop":{"background-color":"var(--ast-global-color-5)","background-image":"","background-repeat":"repeat","background-position":"center center","background-size":"auto","background-attachment":"scroll","background-type":"","background-media":"","overlay-type":"","overlay-color":"","overlay-opacity":"","overlay-gradient":""},"tablet":{"background-color":"var(--ast-global-color-5)","background-image":"","background-repeat":"repeat","background-position":"center center","background-size":"auto","background-attachment":"scroll","background-type":"","background-media":"","overlay-type":"","overlay-color":"","overlay-opacity":"","overlay-gradient":""},"mobile":{"background-color":"var(--ast-global-color-5)","background-image":"","background-repeat":"repeat","background-position":"center center","background-size":"auto","background-attachment":"scroll","background-type":"","background-media":"","overlay-type":"","overlay-color":"","overlay-opacity":"","overlay-gradient":""}},"footnotes":""},"class_list":["post-327","page","type-page","status-publish","hentry"],"_links":{"self":[{"href":"https:\/\/www.artthappy.fr\/index.php?rest_route=\/wp\/v2\/pages\/327","targetHints":{"allow":["GET"]}}],"collection":[{"href":"https:\/\/www.artthappy.fr\/index.php?rest_route=\/wp\/v2\/pages"}],"about":[{"href":"https:\/\/www.artthappy.fr\/index.php?rest_route=\/wp\/v2\/types\/page"}],"author":[{"embeddable":true,"href":"https:\/\/www.artthappy.fr\/index.php?rest_route=\/wp\/v2\/users\/1"}],"replies":[{"embeddable":true,"href":"https:\/\/www.artthappy.fr\/index.php?rest_route=%2Fwp%2Fv2%2Fcomments&post=327"}],"version-history":[{"count":1,"href":"https:\/\/www.artthappy.fr\/index.php?rest_route=\/wp\/v2\/pages\/327\/revisions"}],"predecessor-version":[{"id":329,"href":"https:\/\/www.artthappy.fr\/index.php?rest_route=\/wp\/v2\/pages\/327\/revisions\/329"}],"wp:attachment":[{"href":"https:\/\/www.artthappy.fr\/index.php?rest_route=%2Fwp%2Fv2%2Fmedia&parent=327"}],"curies":[{"name":"wp","href":"https:\/\/api.w.org\/{rel}","templated":true}]}}